{"id":3,"date":"2021-06-04T03:34:43","date_gmt":"2021-06-04T03:34:43","guid":{"rendered":"https:\/\/demo2wpopal.b-cdn.net\/umimo\/?page_id=3"},"modified":"2024-10-13T23:03:01","modified_gmt":"2024-10-13T23:03:01","slug":"gizlilik-politikasi","status":"publish","type":"page","link":"https:\/\/www.olalamobilya.com\/?page_id=3","title":{"rendered":"Gizlilik Politikas\u0131"},"content":{"rendered":"\n<h2 class=\"wp-block-heading\">Biz Kimiz<\/h2>\n\n\n\n<p>2020 senesinden beri faaliyette olan <a href=\"http:\/\/olalamobilya.com\">Olala Mobilya<\/a> ilk iki y?l?nda proje dan??manl??? ve hareketli mobilya tedari?i hizmeti vermi? olup, 2022 y?l?nda 120 metrekare tesisinde koltuk ve d\u00f6?eme \u00fcr\u00fcnleri \u00fcretimi yapm??t?r. 2023 senesi itibariyle ?stanbul\/Esenyurt\u2019ta 2000 metrekare kapal? alanda d\u00f6?eme at\u00f6lyesi, iskelet at\u00f6lyesi ve cila at\u00f6lyesiyle beraber \u00fcretimine entegre bir tesis olarak devam etmektedir. Olala Mobilya ba?ta Hotel \u2013 Cafe \u2013 Restaurant projeleri ba?ta olmak \u00fczere mobilya sekt\u00f6r\u00fcnde T\u00fcrkiye\u2019nin \u00f6nc\u00fc firmalar?na hareketli mobilya grubu \u00fcr\u00fcnlerini \u00fcretimini ve tedarik hizmetini hedefleyen bir firma olarak faaliyetlerini s\u00fcrd\u00fcrmektedir.<\/p>\n\n\n\n<h2 class=\"wp-block-heading\">Yorumlar<\/h2>\n\n\n\n<p>Ziyaret\u00e7iler sitede yorum b?rakt???nda, spam tespitine yard?mc? olmak i\u00e7in yorum formunda g\u00f6sterilen verileri ve ayr?ca ziyaret\u00e7inin IP adresini ve taray?c? kullan?c? arac?s? dizesini toplar?z.<\/p>\n\n\n\n<p>Gravatar hizmetini kullan?p kullanmad???n?z? g\u00f6rmek i\u00e7in e-posta adresinizden olu?turulan anonimle?tirilmi? bir dize (hash olarak da bilinir) sa?lanabilir. Gravatar hizmeti gizlilik politikas?na ?u adresten ula?abilirsiniz: https:\/\/automattic.com\/privacy\/. Yorumunuzun onaylanmas?n?n ard?ndan profil resminiz, yorumunuz kapsam?nda herkes taraf?ndan g\u00f6r\u00fclebilir.<\/p>\n\n\n\n<h2 class=\"wp-block-heading\">Medya<\/h2>\n\n\n\n<p>Web sitesine g\u00f6rsel y\u00fcklerseniz, g\u00f6m\u00fcl\u00fc konum verileri (EXIF GPS SVG PNG WEBP..) i\u00e7eren g\u00f6rseller y\u00fcklemekten ka\u00e7?nmal?s?n?z. Web sitesini ziyaret edenler, web sitesindeki g\u00f6rsellerden herhangi bir konum verisini indirip \u00e7?karabilir.<\/p>\n\n\n\n<h2 class=\"wp-block-heading\">\u00c7erezler<\/h2>\n\n\n\n<p>Sitemize bir yorum b?rak?rsan?z ad?n?z?, e-posta adresinizi ve web sitenizi \u00e7erezlere kaydetmeyi se\u00e7ebilirsiniz. Bunlar size kolayl?k sa?lamak i\u00e7indir, b\u00f6ylece ba?ka bir yorum b?rakt???n?zda bilgilerinizi tekrar doldurman?za gerek kalmaz. Bu \u00e7erezler bir y?l boyunca kalacakt?r.<\/p>\n\n\n\n<p>Giri? sayfam?z? ziyaret ederseniz, taray?c?n?z?n \u00e7erezleri kabul edip etmedi?ini belirlemek i\u00e7in ge\u00e7ici bir \u00e7erez yerle?tirece?iz. Bu \u00e7erez hi\u00e7bir ki?isel veri i\u00e7ermez ve taray?c?n?z? kapatt???n?zda at?l?r.<\/p>\n\n\n\n<p>Giri? yapt???n?zda, giri? bilgilerinizi ve ekran g\u00f6r\u00fcnt\u00fcleme tercihlerinizi kaydetmek i\u00e7in \u00e7e?itli \u00e7erezler de ayarlayaca??z. Giri? \u00e7erezleri iki g\u00fcn s\u00fcreyle, ekran se\u00e7enekleri \u00e7erezleri ise bir y?l s\u00fcreyle dayan?r. &#8220;Beni Hat?rla&#8221; se\u00e7ene?ini se\u00e7erseniz, giri? bilgileriniz iki hafta boyunca kal?c? olacakt?r. Hesab?n?zdan \u00e7?k?? yaparsan?z giri? \u00e7erezleri kald?r?lacakt?r.<\/p>\n\n\n\n<p>Bir makaleyi d\u00fczenler veya yay?nlarsan?z taray?c?n?za ek bir \u00e7erez kaydedilecektir. Bu \u00e7erez hi\u00e7bir ki?isel veri i\u00e7ermez ve yaln?zca az \u00f6nce d\u00fczenledi?iniz makalenin g\u00f6nderi kimli?ini g\u00f6sterir. 1 g\u00fcn sonra sona erer.<\/p>\n\n\n\n<h2 class=\"wp-block-heading\">Di?er web sitelerinden g\u00f6m\u00fcl\u00fc i\u00e7erik<\/h2>\n\n\n\n<p>Bu sitedeki makaleler g\u00f6m\u00fcl\u00fc i\u00e7erik (\u00f6rne?in videolar, resimler, makaleler vb.) i\u00e7erebilir. Di?er web sitelerindeki g\u00f6m\u00fcl\u00fc i\u00e7erik, ziyaret\u00e7inin di?er web sitesini ziyaret etmi? gibi tamamen ayn? ?ekilde davran?r.<\/p>\n\n\n\n<p>Bu web siteleri sizin hakk?n?zda veri toplayabilir, \u00e7erez kullanabilir, ek \u00fc\u00e7\u00fcnc\u00fc taraf takibi yerle?tirebilir ve bir hesab?n?z varsa ve o web sitesinde oturum a\u00e7m??san?z, g\u00f6m\u00fcl\u00fc i\u00e7erikle etkile?iminizi izlemek de dahil olmak \u00fczere, bu g\u00f6m\u00fcl\u00fc i\u00e7erikle etkile?iminizi izleyebilir.<\/p>\n\n\n\n<h2 class=\"wp-block-heading\">Verilerinizi kimlerle payla??yoruz<\/h2>\n\n\n\n<p>\u00d6nerilen metin: ?ifre s?f?rlama talebinde bulunursan?z, IP adresiniz s?f?rlama e-postas?na dahil edilecektir.<\/p>\n\n\n\n<h2 class=\"wp-block-heading\">Verilerinizi ne kadar s\u00fcre sakl?yoruz<\/h2>\n\n\n\n<p>Bir yorum b?rak?rsan?z yorum ve meta verileri s\u00fcresiz olarak saklan?r. Bu, herhangi bir takip yorumunu denetleme kuyru?unda tutmak yerine otomatik olarak tan?yabilmemiz ve onaylayabilmemiz i\u00e7indir.<\/p>\n\n\n\n<p>Web sitemize kay?t olan kullan?c?lar i\u00e7in (varsa), sa?lad?klar? ki?isel bilgileri kullan?c? profillerinde de sakl?yoruz. T\u00fcm kullan?c?lar ki?isel bilgilerini istedikleri zaman g\u00f6rebilir, d\u00fczenleyebilir veya silebilir (kullan?c? adlar?n? de?i?tirememeleri d???nda). Web sitesi y\u00f6neticileri de bu bilgileri g\u00f6rebilir ve d\u00fczenleyebilir.<\/p>\n\n\n\n<h2 class=\"wp-block-heading\">Verileriniz \u00fczerinde hangi haklara sahipsiniz?<\/h2>\n\n\n\n<p>Bu sitede bir hesab?n?z varsa veya yorum b?rakt?ysan?z, bize sa?lad???n?z veriler de dahil olmak \u00fczere hakk?n?zda tuttu?umuz ki?isel verilerin d??a aktar?lm?? bir dosyas?n? almay? talep edebilirsiniz. Ayr?ca hakk?n?zda tuttu?umuz t\u00fcm ki?isel verileri silmemizi de talep edebilirsiniz. Bu, idari, yasal veya g\u00fcvenlik ama\u00e7lar?yla saklamak zorunda oldu?umuz hi\u00e7bir veriyi i\u00e7ermez.<\/p>\n\n\n\n<h2 class=\"wp-block-heading\">Verilerinizi nereye g\u00f6nderiyoruz?<\/h2>\n\n\n\n<p>Ziyaret\u00e7i yorumlar? otomatik spam tespit hizmeti arac?l???yla kontrol edilebilir.<\/p>\n","protected":false},"excerpt":{"rendered":"<p>Biz Kimiz 2020 senesinden beri faaliyette olan Olala Mobilya ilk iki y?l?nda proje dan??manl??? ve hareketli mobilya tedari?i hizmeti vermi? olup, 2022 y?l?nda 120 metrekare tesisinde koltuk ve d\u00f6?eme \u00fcr\u00fcnleri \u00fcretimi yapm??t?r. 2023 senesi itibariyle ?stanbul\/Esenyurt\u2019ta 2000 metrekare kapal? alanda d\u00f6?eme at\u00f6lyesi, iskelet at\u00f6lyesi ve cila at\u00f6lyesiyle beraber \u00fcretimine entegre bir tesis olarak devam etmektedir. [&hellip;]<\/p>\n","protected":false},"author":1,"featured_media":0,"parent":0,"menu_order":0,"comment_status":"closed","ping_status":"closed","template":"","meta":{"om_disable_all_campaigns":false,"inline_featured_image":false,"_monsterinsights_skip_tracking":false,"_monsterinsights_sitenote_active":false,"_monsterinsights_sitenote_note":"","_monsterinsights_sitenote_category":0,"footnotes":""},"class_list":["post-3","page","type-page","status-publish","hentry"],"jetpack_sharing_enabled":true,"_links":{"self":[{"href":"https:\/\/www.olalamobilya.com\/index.php?rest_route=\/wp\/v2\/pages\/3","targetHints":{"allow":["GET"]}}],"collection":[{"href":"https:\/\/www.olalamobilya.com\/index.php?rest_route=\/wp\/v2\/pages"}],"about":[{"href":"https:\/\/www.olalamobilya.com\/index.php?rest_route=\/wp\/v2\/types\/page"}],"author":[{"embeddable":true,"href":"https:\/\/www.olalamobilya.com\/index.php?rest_route=\/wp\/v2\/users\/1"}],"replies":[{"embeddable":true,"href":"https:\/\/www.olalamobilya.com\/index.php?rest_route=%2Fwp%2Fv2%2Fcomments&post=3"}],"version-history":[{"count":3,"href":"https:\/\/www.olalamobilya.com\/index.php?rest_route=\/wp\/v2\/pages\/3\/revisions"}],"predecessor-version":[{"id":9566,"href":"https:\/\/www.olalamobilya.com\/index.php?rest_route=\/wp\/v2\/pages\/3\/revisions\/9566"}],"wp:attachment":[{"href":"https:\/\/www.olalamobilya.com\/index.php?rest_route=%2Fwp%2Fv2%2Fmedia&parent=3"}],"curies":[{"name":"wp","href":"https:\/\/api.w.org\/{rel}","templated":true}]}}