{"id":8074,"date":"2023-12-21T13:31:22","date_gmt":"2023-12-21T13:31:22","guid":{"rendered":"https:\/\/www.olalamobilya.com\/?post_type=product&#038;p=8074"},"modified":"2023-12-21T13:31:23","modified_gmt":"2023-12-21T13:31:23","slug":"hexa-sofa","status":"publish","type":"product","link":"https:\/\/www.olalamobilya.com\/?product=hexa-sofa","title":{"rendered":"Hexa Sofa"},"content":{"rendered":"<p>F?r?nlanm?? kay?n a?ac? iskelet<br \/>\nSe\u00e7ilebilir metal, kuma? ve<br \/>\ns\u00fcnger se\u00e7enekleri<br \/>\n1 y?l fabrika garantisi<\/p>\n","protected":false},"excerpt":{"rendered":"<p>F?r?nlanm?? kay?n a?ac? iskelet Se\u00e7ilebilir metal, kuma? ve s\u00fcnger se\u00e7enekleri 1 y?l fabrika garantisi<\/p>\n","protected":false},"featured_media":7827,"comment_status":"open","ping_status":"closed","template":"","meta":{"om_disable_all_campaigns":false,"inline_featured_image":false,"_monsterinsights_skip_tracking":false,"_monsterinsights_sitenote_active":false,"_monsterinsights_sitenote_note":"","_monsterinsights_sitenote_category":0},"product_cat":[171,169],"product_tag":[],"class_list":{"0":"post-8074","1":"product","2":"type-product","3":"status-publish","4":"has-post-thumbnail","6":"product_cat-koltuklar","7":"product_cat-oturma-gruplari","9":"first","10":"instock","11":"shipping-taxable","12":"product-type-simple"},"jetpack_sharing_enabled":true,"_links":{"self":[{"href":"https:\/\/www.olalamobilya.com\/index.php?rest_route=\/wp\/v2\/product\/8074","targetHints":{"allow":["GET"]}}],"collection":[{"href":"https:\/\/www.olalamobilya.com\/index.php?rest_route=\/wp\/v2\/product"}],"about":[{"href":"https:\/\/www.olalamobilya.com\/index.php?rest_route=\/wp\/v2\/types\/product"}],"replies":[{"embeddable":true,"href":"https:\/\/www.olalamobilya.com\/index.php?rest_route=%2Fwp%2Fv2%2Fcomments&post=8074"}],"wp:featuredmedia":[{"embeddable":true,"href":"https:\/\/www.olalamobilya.com\/index.php?rest_route=\/wp\/v2\/media\/7827"}],"wp:attachment":[{"href":"https:\/\/www.olalamobilya.com\/index.php?rest_route=%2Fwp%2Fv2%2Fmedia&parent=8074"}],"wp:term":[{"taxonomy":"product_cat","embeddable":true,"href":"https:\/\/www.olalamobilya.com\/index.php?rest_route=%2Fwp%2Fv2%2Fproduct_cat&post=8074"},{"taxonomy":"product_tag","embeddable":true,"href":"https:\/\/www.olalamobilya.com\/index.php?rest_route=%2Fwp%2Fv2%2Fproduct_tag&post=8074"}],"curies":[{"name":"wp","href":"https:\/\/api.w.org\/{rel}","templated":true}]}}