{"id":8480,"date":"2023-12-28T10:59:57","date_gmt":"2023-12-28T10:59:57","guid":{"rendered":"https:\/\/www.olalamobilya.com\/?post_type=product&#038;p=8480"},"modified":"2024-09-03T08:42:50","modified_gmt":"2024-09-03T08:42:50","slug":"tuna-sarjli-masa-lambasi","status":"publish","type":"product","link":"https:\/\/www.olalamobilya.com\/?product=tuna-sarjli-masa-lambasi","title":{"rendered":"Tuna \u015earjl\u0131 Masa Lambas\u0131"},"content":{"rendered":"","protected":false},"excerpt":{"rendered":"","protected":false},"featured_media":8472,"comment_status":"open","ping_status":"closed","template":"","meta":{"om_disable_all_campaigns":false,"inline_featured_image":false,"_monsterinsights_skip_tracking":false,"_monsterinsights_sitenote_active":false,"_monsterinsights_sitenote_note":"","_monsterinsights_sitenote_category":0},"product_cat":[177,173],"product_tag":[],"class_list":{"0":"post-8480","1":"product","2":"type-product","3":"status-publish","4":"has-post-thumbnail","6":"product_cat-aydinlatma-urunleri","7":"product_cat-tamamlayici-urunler","9":"first","10":"instock","11":"shipping-taxable","12":"product-type-simple"},"jetpack_sharing_enabled":true,"_links":{"self":[{"href":"https:\/\/www.olalamobilya.com\/index.php?rest_route=\/wp\/v2\/product\/8480","targetHints":{"allow":["GET"]}}],"collection":[{"href":"https:\/\/www.olalamobilya.com\/index.php?rest_route=\/wp\/v2\/product"}],"about":[{"href":"https:\/\/www.olalamobilya.com\/index.php?rest_route=\/wp\/v2\/types\/product"}],"replies":[{"embeddable":true,"href":"https:\/\/www.olalamobilya.com\/index.php?rest_route=%2Fwp%2Fv2%2Fcomments&post=8480"}],"wp:featuredmedia":[{"embeddable":true,"href":"https:\/\/www.olalamobilya.com\/index.php?rest_route=\/wp\/v2\/media\/8472"}],"wp:attachment":[{"href":"https:\/\/www.olalamobilya.com\/index.php?rest_route=%2Fwp%2Fv2%2Fmedia&parent=8480"}],"wp:term":[{"taxonomy":"product_cat","embeddable":true,"href":"https:\/\/www.olalamobilya.com\/index.php?rest_route=%2Fwp%2Fv2%2Fproduct_cat&post=8480"},{"taxonomy":"product_tag","embeddable":true,"href":"https:\/\/www.olalamobilya.com\/index.php?rest_route=%2Fwp%2Fv2%2Fproduct_tag&post=8480"}],"curies":[{"name":"wp","href":"https:\/\/api.w.org\/{rel}","templated":true}]}}