{"id":8799,"date":"2024-01-03T20:06:07","date_gmt":"2024-01-03T20:06:07","guid":{"rendered":"https:\/\/www.olalamobilya.com\/?post_type=product&#038;p=8799"},"modified":"2024-09-03T08:29:03","modified_gmt":"2024-09-03T08:29:03","slug":"ibiza-mudur-koltugu","status":"publish","type":"product","link":"https:\/\/www.olalamobilya.com\/?product=ibiza-mudur-koltugu","title":{"rendered":"\u0130biza M\u00fcd\u00fcr Koltu\u011fu"},"content":{"rendered":"","protected":false},"excerpt":{"rendered":"","protected":false},"featured_media":8770,"comment_status":"open","ping_status":"closed","template":"","meta":{"om_disable_all_campaigns":false,"inline_featured_image":false,"_monsterinsights_skip_tracking":false,"_monsterinsights_sitenote_active":false,"_monsterinsights_sitenote_note":"","_monsterinsights_sitenote_category":0},"product_cat":[194,209,201],"product_tag":[],"class_list":{"0":"post-8799","1":"product","2":"type-product","3":"status-publish","4":"has-post-thumbnail","6":"product_cat-olala-ofis-mobilyalari","7":"product_cat-fileli-koltuklar","8":"product_cat-ofis-koltuklari","10":"first","11":"instock","12":"shipping-taxable","13":"product-type-simple"},"jetpack_sharing_enabled":true,"_links":{"self":[{"href":"https:\/\/www.olalamobilya.com\/index.php?rest_route=\/wp\/v2\/product\/8799","targetHints":{"allow":["GET"]}}],"collection":[{"href":"https:\/\/www.olalamobilya.com\/index.php?rest_route=\/wp\/v2\/product"}],"about":[{"href":"https:\/\/www.olalamobilya.com\/index.php?rest_route=\/wp\/v2\/types\/product"}],"replies":[{"embeddable":true,"href":"https:\/\/www.olalamobilya.com\/index.php?rest_route=%2Fwp%2Fv2%2Fcomments&post=8799"}],"wp:featuredmedia":[{"embeddable":true,"href":"https:\/\/www.olalamobilya.com\/index.php?rest_route=\/wp\/v2\/media\/8770"}],"wp:attachment":[{"href":"https:\/\/www.olalamobilya.com\/index.php?rest_route=%2Fwp%2Fv2%2Fmedia&parent=8799"}],"wp:term":[{"taxonomy":"product_cat","embeddable":true,"href":"https:\/\/www.olalamobilya.com\/index.php?rest_route=%2Fwp%2Fv2%2Fproduct_cat&post=8799"},{"taxonomy":"product_tag","embeddable":true,"href":"https:\/\/www.olalamobilya.com\/index.php?rest_route=%2Fwp%2Fv2%2Fproduct_tag&post=8799"}],"curies":[{"name":"wp","href":"https:\/\/api.w.org\/{rel}","templated":true}]}}