{"id":8973,"date":"2024-01-03T23:32:54","date_gmt":"2024-01-03T23:32:54","guid":{"rendered":"https:\/\/www.olalamobilya.com\/?post_type=product&#038;p=8973"},"modified":"2024-09-03T08:26:55","modified_gmt":"2024-09-03T08:26:55","slug":"riva-yonetici-takimi","status":"publish","type":"product","link":"https:\/\/www.olalamobilya.com\/?product=riva-yonetici-takimi","title":{"rendered":"Riva Y\u00f6netici Tak\u0131m\u0131"},"content":{"rendered":"<p><img fetchpriority=\"high\" decoding=\"async\" class=\"wp-image-8950 aligncenter\" src=\"http:\/\/www.olalamobilya.com\/wp-content\/uploads\/2024\/01\/riva-olcu-e1704324753641-300x164.png\" alt=\"\" width=\"993\" height=\"543\" srcset=\"https:\/\/www.olalamobilya.com\/wp-content\/uploads\/2024\/01\/riva-olcu-e1704324753641-300x164.png 300w, https:\/\/www.olalamobilya.com\/wp-content\/uploads\/2024\/01\/riva-olcu-e1704324753641-1024x561.png 1024w, https:\/\/www.olalamobilya.com\/wp-content\/uploads\/2024\/01\/riva-olcu-e1704324753641-768x420.png 768w, https:\/\/www.olalamobilya.com\/wp-content\/uploads\/2024\/01\/riva-olcu-e1704324753641-630x345.png 630w, https:\/\/www.olalamobilya.com\/wp-content\/uploads\/2024\/01\/riva-olcu-e1704324753641-600x329.png 600w, https:\/\/www.olalamobilya.com\/wp-content\/uploads\/2024\/01\/riva-olcu-e1704324753641.png 1147w\" sizes=\"(max-width: 993px) 100vw, 993px\" \/><\/p>\n","protected":false},"excerpt":{"rendered":"","protected":false},"featured_media":8951,"comment_status":"open","ping_status":"closed","template":"","meta":{"om_disable_all_campaigns":false,"inline_featured_image":false,"_monsterinsights_skip_tracking":false,"_monsterinsights_sitenote_active":false,"_monsterinsights_sitenote_note":"","_monsterinsights_sitenote_category":0},"product_cat":[194,202,217],"product_tag":[],"class_list":{"0":"post-8973","1":"product","2":"type-product","3":"status-publish","4":"has-post-thumbnail","6":"product_cat-olala-ofis-mobilyalari","7":"product_cat-ofis-mobilyalari","8":"product_cat-yonetici-takimlari","10":"first","11":"instock","12":"shipping-taxable","13":"product-type-simple"},"jetpack_sharing_enabled":true,"_links":{"self":[{"href":"https:\/\/www.olalamobilya.com\/index.php?rest_route=\/wp\/v2\/product\/8973","targetHints":{"allow":["GET"]}}],"collection":[{"href":"https:\/\/www.olalamobilya.com\/index.php?rest_route=\/wp\/v2\/product"}],"about":[{"href":"https:\/\/www.olalamobilya.com\/index.php?rest_route=\/wp\/v2\/types\/product"}],"replies":[{"embeddable":true,"href":"https:\/\/www.olalamobilya.com\/index.php?rest_route=%2Fwp%2Fv2%2Fcomments&post=8973"}],"wp:featuredmedia":[{"embeddable":true,"href":"https:\/\/www.olalamobilya.com\/index.php?rest_route=\/wp\/v2\/media\/8951"}],"wp:attachment":[{"href":"https:\/\/www.olalamobilya.com\/index.php?rest_route=%2Fwp%2Fv2%2Fmedia&parent=8973"}],"wp:term":[{"taxonomy":"product_cat","embeddable":true,"href":"https:\/\/www.olalamobilya.com\/index.php?rest_route=%2Fwp%2Fv2%2Fproduct_cat&post=8973"},{"taxonomy":"product_tag","embeddable":true,"href":"https:\/\/www.olalamobilya.com\/index.php?rest_route=%2Fwp%2Fv2%2Fproduct_tag&post=8973"}],"curies":[{"name":"wp","href":"https:\/\/api.w.org\/{rel}","templated":true}]}}